{"id":472,"date":"2024-03-22T10:17:54","date_gmt":"2024-03-22T13:17:54","guid":{"rendered":"https:\/\/sitehomolog.com.br\/novodrive7\/?page_id=472"},"modified":"2024-05-08T15:22:06","modified_gmt":"2024-05-08T18:22:06","slug":"manutencao-assistencia","status":"publish","type":"page","link":"https:\/\/drive7.com.br\/index.php\/manutencao-assistencia\/","title":{"rendered":"Manuten\u00e7\u00e3o e Assist\u00eancia T\u00e9cnica"},"content":{"rendered":"\t\t<div data-elementor-type=\"wp-page\" data-elementor-id=\"472\" class=\"elementor elementor-472\" data-elementor-post-type=\"page\">\n\t\t\t\t<div class=\"elementor-element elementor-element-25c7ddb e-flex e-con-boxed e-con e-parent\" data-id=\"25c7ddb\" data-element_type=\"container\" data-settings=\"{&quot;background_background&quot;:&quot;classic&quot;}\">\n\t\t\t\t\t<div class=\"e-con-inner\">\n\t\t\t\t<div class=\"elementor-element elementor-element-27fd674 elementor-widget elementor-widget-heading\" data-id=\"27fd674\" data-element_type=\"widget\" data-widget_type=\"heading.default\">\n\t\t\t\t<div class=\"elementor-widget-container\">\n\t\t\t<style>\/*! elementor - v3.21.0 - 08-05-2024 *\/\n.elementor-heading-title{padding:0;margin:0;line-height:1}.elementor-widget-heading .elementor-heading-title[class*=elementor-size-]>a{color:inherit;font-size:inherit;line-height:inherit}.elementor-widget-heading .elementor-heading-title.elementor-size-small{font-size:15px}.elementor-widget-heading .elementor-heading-title.elementor-size-medium{font-size:19px}.elementor-widget-heading .elementor-heading-title.elementor-size-large{font-size:29px}.elementor-widget-heading .elementor-heading-title.elementor-size-xl{font-size:39px}.elementor-widget-heading .elementor-heading-title.elementor-size-xxl{font-size:59px}<\/style><h1 class=\"elementor-heading-title elementor-size-default\">Manuten\u00e7\u00e3o e Assist\u00eancia T\u00e9cnica<\/h1>\t\t<\/div>\n\t\t\t\t<\/div>\n\t\t\t\t\t<\/div>\n\t\t\t\t<\/div>\n\t\t<div class=\"elementor-element elementor-element-12d3d48 e-flex e-con-boxed e-con e-parent\" data-id=\"12d3d48\" data-element_type=\"container\" data-settings=\"{&quot;background_background&quot;:&quot;classic&quot;}\">\n\t\t\t\t\t<div class=\"e-con-inner\">\n\t\t\t\t<div class=\"elementor-element elementor-element-3eb5560 elementor-widget elementor-widget-heading\" data-id=\"3eb5560\" data-element_type=\"widget\" data-widget_type=\"heading.default\">\n\t\t\t\t<div class=\"elementor-widget-container\">\n\t\t\t<h3 class=\"elementor-heading-title elementor-size-default\">Manuten\u00e7\u00e3o e Assist\u00eancia T\u00e9cnica Especializada:<\/h3>\t\t<\/div>\n\t\t\t\t<\/div>\n\t\t\t\t<div class=\"elementor-element elementor-element-29a6a56 elementor-widget elementor-widget-text-editor\" data-id=\"29a6a56\" data-element_type=\"widget\" data-widget_type=\"text-editor.default\">\n\t\t\t\t<div class=\"elementor-widget-container\">\n\t\t\t<style>\/*! elementor - v3.21.0 - 08-05-2024 *\/\n.elementor-widget-text-editor.elementor-drop-cap-view-stacked .elementor-drop-cap{background-color:#69727d;color:#fff}.elementor-widget-text-editor.elementor-drop-cap-view-framed .elementor-drop-cap{color:#69727d;border:3px solid;background-color:transparent}.elementor-widget-text-editor:not(.elementor-drop-cap-view-default) .elementor-drop-cap{margin-top:8px}.elementor-widget-text-editor:not(.elementor-drop-cap-view-default) .elementor-drop-cap-letter{width:1em;height:1em}.elementor-widget-text-editor .elementor-drop-cap{float:left;text-align:center;line-height:1;font-size:50px}.elementor-widget-text-editor .elementor-drop-cap-letter{display:inline-block}<\/style>\t\t\t\t<p><span style=\"font-weight: 400;\">Contamos com uma equipe altamente qualificada para realizar manuten\u00e7\u00e3o <\/span><span style=\"font-weight: 400;\">preditivas,<\/span><span style=\"font-weight: 400;\"> preventivas e corretivas em uma variedade de equipamentos industriais. Nossos servi\u00e7os abrangem \u00e1reas como automa\u00e7\u00e3o, mec\u00e2nica e el\u00e9trica, <\/span><span style=\"font-weight: 400;\">pneum\u00e1tica e hidr\u00e1ulica,<\/span><span style=\"font-weight: 400;\"> garantindo que seus sistemas e m\u00e1quinas funcionem de forma confi\u00e1vel e eficiente. Al\u00e9m disso, oferecemos assist\u00eancia t\u00e9cnica especializada para resolver quaisquer problemas ou d\u00favidas relacionados aos seus equipamentos e sistemas.<\/span><\/p>\t\t\t\t\t\t<\/div>\n\t\t\t\t<\/div>\n\t\t\t\t<div class=\"elementor-element elementor-element-44824ba elementor-widget elementor-widget-heading\" data-id=\"44824ba\" data-element_type=\"widget\" data-widget_type=\"heading.default\">\n\t\t\t\t<div class=\"elementor-widget-container\">\n\t\t\t<h3 class=\"elementor-heading-title elementor-size-default\">Compromisso com a Qualidade e Efici\u00eancia:<\/h3>\t\t<\/div>\n\t\t\t\t<\/div>\n\t\t\t\t<div class=\"elementor-element elementor-element-3175964 elementor-widget elementor-widget-text-editor\" data-id=\"3175964\" data-element_type=\"widget\" data-widget_type=\"text-editor.default\">\n\t\t\t\t<div class=\"elementor-widget-container\">\n\t\t\t\t\t\t\t<p><span style=\"font-weight: 400;\">Na Drive7, a qualidade e a efici\u00eancia s\u00e3o fundamentais em tudo o que fazemos. Nossa equipe utiliza os mais altos padr\u00f5es de trabalho e as melhores pr\u00e1ticas da ind\u00fastria para garantir resultados excepcionais em todos os projetos. Al\u00e9m disso, estamos sempre dispon\u00edveis para oferecer suporte e assist\u00eancia, garantindo que suas opera\u00e7\u00f5es permane\u00e7am em pleno funcionamento.<\/span><\/p>\t\t\t\t\t\t<\/div>\n\t\t\t\t<\/div>\n\t\t\t\t<div class=\"elementor-element elementor-element-061f359 elementor-widget elementor-widget-heading\" data-id=\"061f359\" data-element_type=\"widget\" data-widget_type=\"heading.default\">\n\t\t\t\t<div class=\"elementor-widget-container\">\n\t\t\t<h3 class=\"elementor-heading-title elementor-size-default\">Parceria de Confian\u00e7a:\n<\/h3>\t\t<\/div>\n\t\t\t\t<\/div>\n\t\t\t\t<div class=\"elementor-element elementor-element-0c55647 elementor-widget elementor-widget-text-editor\" data-id=\"0c55647\" data-element_type=\"widget\" data-widget_type=\"text-editor.default\">\n\t\t\t\t<div class=\"elementor-widget-container\">\n\t\t\t\t\t\t\t<p><span style=\"font-weight: 400;\">Estabelecemos parcerias s\u00f3lidas com nossos clientes, baseadas na confian\u00e7a e no compromisso m\u00fatuo com o sucesso. Nossa abordagem centrada no cliente nos permite entender suas necessidades espec\u00edficas e fornecer solu\u00e7\u00f5es personalizadas que atendam aos seus objetivos e requisitos.<\/span><\/p><p><span style=\"font-weight: 400;\">Se voc\u00ea est\u00e1 procurando por solu\u00e7\u00f5es abrangentes para suas necessidades industriais, entre em contato conosco. Estamos aqui para ajudar a impulsionar o sucesso do seu neg\u00f3cio, fornecendo servi\u00e7os de alta qualidade e confiabilidade que agregam valor real \u00e0s suas opera\u00e7\u00f5es.<\/span><\/p>\t\t\t\t\t\t<\/div>\n\t\t\t\t<\/div>\n\t\t\t\t\t<\/div>\n\t\t\t\t<\/div>\n\t\t\t\t<\/div>\n\t\t","protected":false},"excerpt":{"rendered":"<p>Manuten\u00e7\u00e3o e Assist\u00eancia T\u00e9cnica Manuten\u00e7\u00e3o e Assist\u00eancia T\u00e9cnica Especializada: Contamos com uma equipe altamente qualificada para realizar manuten\u00e7\u00e3o preditivas, preventivas e corretivas em uma variedade de equipamentos industriais. Nossos servi\u00e7os abrangem \u00e1reas como automa\u00e7\u00e3o, mec\u00e2nica e el\u00e9trica, pneum\u00e1tica e hidr\u00e1ulica, garantindo que seus sistemas e m\u00e1quinas funcionem de forma confi\u00e1vel e eficiente. Al\u00e9m disso, oferecemos [&hellip;]<\/p>\n","protected":false},"author":1,"featured_media":0,"parent":0,"menu_order":0,"comment_status":"closed","ping_status":"closed","template":"elementor_header_footer","meta":{"footnotes":""},"yoast_head":"<!-- This site is optimized with the Yoast SEO plugin v23.1 - https:\/\/yoast.com\/wordpress\/plugins\/seo\/ -->\n<title>Manuten\u00e7\u00e3o e Assist\u00eancia T\u00e9cnica - Novo Drive7<\/title>\n<meta name=\"robots\" content=\"index, follow, max-snippet:-1, max-image-preview:large, max-video-preview:-1\" \/>\n<link rel=\"canonical\" href=\"https:\/\/drive7.com.br\/index.php\/manutencao-assistencia\/\" \/>\n<meta property=\"og:locale\" content=\"en_US\" \/>\n<meta property=\"og:type\" content=\"article\" \/>\n<meta property=\"og:title\" content=\"Manuten\u00e7\u00e3o e Assist\u00eancia T\u00e9cnica - Novo Drive7\" \/>\n<meta property=\"og:description\" content=\"Manuten\u00e7\u00e3o e Assist\u00eancia T\u00e9cnica Manuten\u00e7\u00e3o e Assist\u00eancia T\u00e9cnica Especializada: Contamos com uma equipe altamente qualificada para realizar manuten\u00e7\u00e3o preditivas, preventivas e corretivas em uma variedade de equipamentos industriais. Nossos servi\u00e7os abrangem \u00e1reas como automa\u00e7\u00e3o, mec\u00e2nica e el\u00e9trica, pneum\u00e1tica e hidr\u00e1ulica, garantindo que seus sistemas e m\u00e1quinas funcionem de forma confi\u00e1vel e eficiente. Al\u00e9m disso, oferecemos [&hellip;]\" \/>\n<meta property=\"og:url\" content=\"https:\/\/drive7.com.br\/index.php\/manutencao-assistencia\/\" \/>\n<meta property=\"og:site_name\" content=\"Novo Drive7\" \/>\n<meta property=\"article:modified_time\" content=\"2024-05-08T18:22:06+00:00\" \/>\n<meta name=\"twitter:card\" content=\"summary_large_image\" \/>\n<meta name=\"twitter:label1\" content=\"Est. reading time\" \/>\n\t<meta name=\"twitter:data1\" content=\"1 minute\" \/>\n<script type=\"application\/ld+json\" class=\"yoast-schema-graph\">{\"@context\":\"https:\/\/schema.org\",\"@graph\":[{\"@type\":\"WebPage\",\"@id\":\"https:\/\/drive7.com.br\/index.php\/manutencao-assistencia\/\",\"url\":\"https:\/\/drive7.com.br\/index.php\/manutencao-assistencia\/\",\"name\":\"Manuten\u00e7\u00e3o e Assist\u00eancia T\u00e9cnica - Novo Drive7\",\"isPartOf\":{\"@id\":\"https:\/\/drive7.com.br\/#website\"},\"datePublished\":\"2024-03-22T13:17:54+00:00\",\"dateModified\":\"2024-05-08T18:22:06+00:00\",\"breadcrumb\":{\"@id\":\"https:\/\/drive7.com.br\/index.php\/manutencao-assistencia\/#breadcrumb\"},\"inLanguage\":\"en-US\",\"potentialAction\":[{\"@type\":\"ReadAction\",\"target\":[\"https:\/\/drive7.com.br\/index.php\/manutencao-assistencia\/\"]}]},{\"@type\":\"BreadcrumbList\",\"@id\":\"https:\/\/drive7.com.br\/index.php\/manutencao-assistencia\/#breadcrumb\",\"itemListElement\":[{\"@type\":\"ListItem\",\"position\":1,\"name\":\"Home\",\"item\":\"https:\/\/drive7.com.br\/\"},{\"@type\":\"ListItem\",\"position\":2,\"name\":\"Manuten\u00e7\u00e3o e Assist\u00eancia T\u00e9cnica\"}]},{\"@type\":\"WebSite\",\"@id\":\"https:\/\/drive7.com.br\/#website\",\"url\":\"https:\/\/drive7.com.br\/\",\"name\":\"Novo Drive7\",\"description\":\"\",\"publisher\":{\"@id\":\"https:\/\/drive7.com.br\/#organization\"},\"potentialAction\":[{\"@type\":\"SearchAction\",\"target\":{\"@type\":\"EntryPoint\",\"urlTemplate\":\"https:\/\/drive7.com.br\/?s={search_term_string}\"},\"query-input\":\"required name=search_term_string\"}],\"inLanguage\":\"en-US\"},{\"@type\":\"Organization\",\"@id\":\"https:\/\/drive7.com.br\/#organization\",\"name\":\"Novo Drive7\",\"url\":\"https:\/\/drive7.com.br\/\",\"logo\":{\"@type\":\"ImageObject\",\"inLanguage\":\"en-US\",\"@id\":\"https:\/\/drive7.com.br\/#\/schema\/logo\/image\/\",\"url\":\"https:\/\/drive7.com.br\/wp-content\/uploads\/2024\/02\/logo-branco.png\",\"contentUrl\":\"https:\/\/drive7.com.br\/wp-content\/uploads\/2024\/02\/logo-branco.png\",\"width\":711,\"height\":202,\"caption\":\"Novo Drive7\"},\"image\":{\"@id\":\"https:\/\/drive7.com.br\/#\/schema\/logo\/image\/\"}}]}<\/script>\n<!-- \/ Yoast SEO plugin. -->","yoast_head_json":{"title":"Manuten\u00e7\u00e3o e Assist\u00eancia T\u00e9cnica - Novo Drive7","robots":{"index":"index","follow":"follow","max-snippet":"max-snippet:-1","max-image-preview":"max-image-preview:large","max-video-preview":"max-video-preview:-1"},"canonical":"https:\/\/drive7.com.br\/index.php\/manutencao-assistencia\/","og_locale":"en_US","og_type":"article","og_title":"Manuten\u00e7\u00e3o e Assist\u00eancia T\u00e9cnica - Novo Drive7","og_description":"Manuten\u00e7\u00e3o e Assist\u00eancia T\u00e9cnica Manuten\u00e7\u00e3o e Assist\u00eancia T\u00e9cnica Especializada: Contamos com uma equipe altamente qualificada para realizar manuten\u00e7\u00e3o preditivas, preventivas e corretivas em uma variedade de equipamentos industriais. Nossos servi\u00e7os abrangem \u00e1reas como automa\u00e7\u00e3o, mec\u00e2nica e el\u00e9trica, pneum\u00e1tica e hidr\u00e1ulica, garantindo que seus sistemas e m\u00e1quinas funcionem de forma confi\u00e1vel e eficiente. Al\u00e9m disso, oferecemos [&hellip;]","og_url":"https:\/\/drive7.com.br\/index.php\/manutencao-assistencia\/","og_site_name":"Novo Drive7","article_modified_time":"2024-05-08T18:22:06+00:00","twitter_card":"summary_large_image","twitter_misc":{"Est. reading time":"1 minute"},"schema":{"@context":"https:\/\/schema.org","@graph":[{"@type":"WebPage","@id":"https:\/\/drive7.com.br\/index.php\/manutencao-assistencia\/","url":"https:\/\/drive7.com.br\/index.php\/manutencao-assistencia\/","name":"Manuten\u00e7\u00e3o e Assist\u00eancia T\u00e9cnica - Novo Drive7","isPartOf":{"@id":"https:\/\/drive7.com.br\/#website"},"datePublished":"2024-03-22T13:17:54+00:00","dateModified":"2024-05-08T18:22:06+00:00","breadcrumb":{"@id":"https:\/\/drive7.com.br\/index.php\/manutencao-assistencia\/#breadcrumb"},"inLanguage":"en-US","potentialAction":[{"@type":"ReadAction","target":["https:\/\/drive7.com.br\/index.php\/manutencao-assistencia\/"]}]},{"@type":"BreadcrumbList","@id":"https:\/\/drive7.com.br\/index.php\/manutencao-assistencia\/#breadcrumb","itemListElement":[{"@type":"ListItem","position":1,"name":"Home","item":"https:\/\/drive7.com.br\/"},{"@type":"ListItem","position":2,"name":"Manuten\u00e7\u00e3o e Assist\u00eancia T\u00e9cnica"}]},{"@type":"WebSite","@id":"https:\/\/drive7.com.br\/#website","url":"https:\/\/drive7.com.br\/","name":"Novo Drive7","description":"","publisher":{"@id":"https:\/\/drive7.com.br\/#organization"},"potentialAction":[{"@type":"SearchAction","target":{"@type":"EntryPoint","urlTemplate":"https:\/\/drive7.com.br\/?s={search_term_string}"},"query-input":"required name=search_term_string"}],"inLanguage":"en-US"},{"@type":"Organization","@id":"https:\/\/drive7.com.br\/#organization","name":"Novo Drive7","url":"https:\/\/drive7.com.br\/","logo":{"@type":"ImageObject","inLanguage":"en-US","@id":"https:\/\/drive7.com.br\/#\/schema\/logo\/image\/","url":"https:\/\/drive7.com.br\/wp-content\/uploads\/2024\/02\/logo-branco.png","contentUrl":"https:\/\/drive7.com.br\/wp-content\/uploads\/2024\/02\/logo-branco.png","width":711,"height":202,"caption":"Novo Drive7"},"image":{"@id":"https:\/\/drive7.com.br\/#\/schema\/logo\/image\/"}}]}},"_links":{"self":[{"href":"https:\/\/drive7.com.br\/index.php\/wp-json\/wp\/v2\/pages\/472"}],"collection":[{"href":"https:\/\/drive7.com.br\/index.php\/wp-json\/wp\/v2\/pages"}],"about":[{"href":"https:\/\/drive7.com.br\/index.php\/wp-json\/wp\/v2\/types\/page"}],"author":[{"embeddable":true,"href":"https:\/\/drive7.com.br\/index.php\/wp-json\/wp\/v2\/users\/1"}],"replies":[{"embeddable":true,"href":"https:\/\/drive7.com.br\/index.php\/wp-json\/wp\/v2\/comments?post=472"}],"version-history":[{"count":11,"href":"https:\/\/drive7.com.br\/index.php\/wp-json\/wp\/v2\/pages\/472\/revisions"}],"predecessor-version":[{"id":558,"href":"https:\/\/drive7.com.br\/index.php\/wp-json\/wp\/v2\/pages\/472\/revisions\/558"}],"wp:attachment":[{"href":"https:\/\/drive7.com.br\/index.php\/wp-json\/wp\/v2\/media?parent=472"}],"curies":[{"name":"wp","href":"https:\/\/api.w.org\/{rel}","templated":true}]}}