{"id":484,"date":"2024-03-22T10:48:06","date_gmt":"2024-03-22T13:48:06","guid":{"rendered":"https:\/\/sitehomolog.com.br\/novodrive7\/?page_id=484"},"modified":"2024-05-08T15:21:01","modified_gmt":"2024-05-08T18:21:01","slug":"instalacao-e-reforma-de-maquinas","status":"publish","type":"page","link":"https:\/\/drive7.com.br\/index.php\/instalacao-e-reforma-de-maquinas\/","title":{"rendered":"Instala\u00e7\u00e3o e Reforma de M\u00e1quinas"},"content":{"rendered":"\t\t<div data-elementor-type=\"wp-page\" data-elementor-id=\"484\" class=\"elementor elementor-484\" data-elementor-post-type=\"page\">\n\t\t\t\t<div class=\"elementor-element elementor-element-25c7ddb e-flex e-con-boxed e-con e-parent\" data-id=\"25c7ddb\" data-element_type=\"container\" data-settings=\"{&quot;background_background&quot;:&quot;classic&quot;}\">\n\t\t\t\t\t<div class=\"e-con-inner\">\n\t\t\t\t<div class=\"elementor-element elementor-element-27fd674 elementor-widget elementor-widget-heading\" data-id=\"27fd674\" data-element_type=\"widget\" data-widget_type=\"heading.default\">\n\t\t\t\t<div class=\"elementor-widget-container\">\n\t\t\t<style>\/*! elementor - v3.21.0 - 08-05-2024 *\/\n.elementor-heading-title{padding:0;margin:0;line-height:1}.elementor-widget-heading .elementor-heading-title[class*=elementor-size-]>a{color:inherit;font-size:inherit;line-height:inherit}.elementor-widget-heading .elementor-heading-title.elementor-size-small{font-size:15px}.elementor-widget-heading .elementor-heading-title.elementor-size-medium{font-size:19px}.elementor-widget-heading .elementor-heading-title.elementor-size-large{font-size:29px}.elementor-widget-heading .elementor-heading-title.elementor-size-xl{font-size:39px}.elementor-widget-heading .elementor-heading-title.elementor-size-xxl{font-size:59px}<\/style><h1 class=\"elementor-heading-title elementor-size-default\">Instala\u00e7\u00e3o e Reforma de M\u00e1quinas<\/h1>\t\t<\/div>\n\t\t\t\t<\/div>\n\t\t\t\t\t<\/div>\n\t\t\t\t<\/div>\n\t\t<div class=\"elementor-element elementor-element-12d3d48 e-flex e-con-boxed e-con e-parent\" data-id=\"12d3d48\" data-element_type=\"container\" data-settings=\"{&quot;background_background&quot;:&quot;classic&quot;}\">\n\t\t\t\t\t<div class=\"e-con-inner\">\n\t\t\t\t<div class=\"elementor-element elementor-element-3eb5560 elementor-widget elementor-widget-heading\" data-id=\"3eb5560\" data-element_type=\"widget\" data-widget_type=\"heading.default\">\n\t\t\t\t<div class=\"elementor-widget-container\">\n\t\t\t<h3 class=\"elementor-heading-title elementor-size-default\">Montagem e Desmontagem de M\u00e1quinas para Transporte<\/h3>\t\t<\/div>\n\t\t\t\t<\/div>\n\t\t\t\t<div class=\"elementor-element elementor-element-29a6a56 elementor-widget elementor-widget-text-editor\" data-id=\"29a6a56\" data-element_type=\"widget\" data-widget_type=\"text-editor.default\">\n\t\t\t\t<div class=\"elementor-widget-container\">\n\t\t\t<style>\/*! elementor - v3.21.0 - 08-05-2024 *\/\n.elementor-widget-text-editor.elementor-drop-cap-view-stacked .elementor-drop-cap{background-color:#69727d;color:#fff}.elementor-widget-text-editor.elementor-drop-cap-view-framed .elementor-drop-cap{color:#69727d;border:3px solid;background-color:transparent}.elementor-widget-text-editor:not(.elementor-drop-cap-view-default) .elementor-drop-cap{margin-top:8px}.elementor-widget-text-editor:not(.elementor-drop-cap-view-default) .elementor-drop-cap-letter{width:1em;height:1em}.elementor-widget-text-editor .elementor-drop-cap{float:left;text-align:center;line-height:1;font-size:50px}.elementor-widget-text-editor .elementor-drop-cap-letter{display:inline-block}<\/style>\t\t\t\t<p><span style=\"font-weight: 400;\">Realizamos servi\u00e7os especializados de montagem e desmontagem de m\u00e1quinas para transporte, com foco na efici\u00eancia e seguran\u00e7a. Nossa equipe altamente qualificada garante uma montagem precisa e uma desmontagem adequada, seguindo os mais rigorosos padr\u00f5es da ind\u00fastria.<\/span><\/p>\t\t\t\t\t\t<\/div>\n\t\t\t\t<\/div>\n\t\t\t\t<div class=\"elementor-element elementor-element-44824ba elementor-widget elementor-widget-heading\" data-id=\"44824ba\" data-element_type=\"widget\" data-widget_type=\"heading.default\">\n\t\t\t\t<div class=\"elementor-widget-container\">\n\t\t\t<h3 class=\"elementor-heading-title elementor-size-default\">Start Up<\/h3>\t\t<\/div>\n\t\t\t\t<\/div>\n\t\t\t\t<div class=\"elementor-element elementor-element-3175964 elementor-widget elementor-widget-text-editor\" data-id=\"3175964\" data-element_type=\"widget\" data-widget_type=\"text-editor.default\">\n\t\t\t\t<div class=\"elementor-widget-container\">\n\t\t\t\t\t\t\t<p><span style=\"font-weight: 400;\">Ap\u00f3s a instala\u00e7\u00e3o, realizamos procedimentos de inicializa\u00e7\u00e3o abrangentes para garantir que todos os sistemas estejam funcionando conforme o esperado. Estamos comprometidos em oferecer suporte cont\u00ednuo para garantir o desempenho ideal dos equipamentos ao longo do tempo.<\/span><\/p><p><span style=\"font-weight: 400;\">Com uma abordagem centrada no cliente e um compromisso inabal\u00e1vel com a excel\u00eancia, nossa empresa est\u00e1 pronta para enfrentar os desafios mais complexos em engenharia e automa\u00e7\u00e3o de equipamentos. <\/span><b>Entre em contato conosco para saber mais sobre como podemos ajudar a impulsionar o sucesso de seu projeto.<\/b><\/p>\t\t\t\t\t\t<\/div>\n\t\t\t\t<\/div>\n\t\t\t\t<div class=\"elementor-element elementor-element-061f359 elementor-widget elementor-widget-heading\" data-id=\"061f359\" data-element_type=\"widget\" data-widget_type=\"heading.default\">\n\t\t\t\t<div class=\"elementor-widget-container\">\n\t\t\t<h3 class=\"elementor-heading-title elementor-size-default\">Solu\u00e7\u00f5es Abrangentes para Suas Necessidades Industriais<\/h3>\t\t<\/div>\n\t\t\t\t<\/div>\n\t\t\t\t<div class=\"elementor-element elementor-element-0c55647 elementor-widget elementor-widget-text-editor\" data-id=\"0c55647\" data-element_type=\"widget\" data-widget_type=\"text-editor.default\">\n\t\t\t\t<div class=\"elementor-widget-container\">\n\t\t\t\t\t\t\t<p><span style=\"font-weight: 400;\">A<\/span><span style=\"font-weight: 400;\"> Drive7, oferecemos uma gama completa de servi\u00e7os para atender \u00e0s demandas dos nossos clientes no setor industrial. Desde a instala\u00e7\u00e3o e reforma de m\u00e1quinas at\u00e9 a manuten\u00e7\u00e3o e assist\u00eancia t\u00e9cnica especializada, estamos comprometidos em fornecer solu\u00e7\u00f5es abrangentes que garantam o funcionamento suave e eficiente das suas opera\u00e7\u00f5es.<\/span><\/p>\t\t\t\t\t\t<\/div>\n\t\t\t\t<\/div>\n\t\t\t\t<div class=\"elementor-element elementor-element-531f909 elementor-widget elementor-widget-heading\" data-id=\"531f909\" data-element_type=\"widget\" data-widget_type=\"heading.default\">\n\t\t\t\t<div class=\"elementor-widget-container\">\n\t\t\t<h3 class=\"elementor-heading-title elementor-size-default\">Instala\u00e7\u00e3o e Reforma de M\u00e1quinas Industriais<\/h3>\t\t<\/div>\n\t\t\t\t<\/div>\n\t\t\t\t<div class=\"elementor-element elementor-element-6f09b34 elementor-widget elementor-widget-text-editor\" data-id=\"6f09b34\" data-element_type=\"widget\" data-widget_type=\"text-editor.default\">\n\t\t\t\t<div class=\"elementor-widget-container\">\n\t\t\t\t\t\t\t<p><span style=\"font-weight: 400;\">Nossa equipe especializada realiza instala\u00e7\u00f5es precisas e eficientes de m\u00e1quinas industriais, garantindo que estejam operando de acordo com as especifica\u00e7\u00f5es do fabricante e em conformidade com os regulamentos de seguran\u00e7a. Al\u00e9m disso, oferecemos servi\u00e7os de reforma de m\u00e1quinas industriais para garantir que continuem operando com efici\u00eancia e confiabilidade ao longo do tempo.<\/span><\/p>\t\t\t\t\t\t<\/div>\n\t\t\t\t<\/div>\n\t\t\t\t\t<\/div>\n\t\t\t\t<\/div>\n\t\t\t\t<\/div>\n\t\t","protected":false},"excerpt":{"rendered":"<p>Instala\u00e7\u00e3o e Reforma de M\u00e1quinas Montagem e Desmontagem de M\u00e1quinas para Transporte Realizamos servi\u00e7os especializados de montagem e desmontagem de m\u00e1quinas para transporte, com foco na efici\u00eancia e seguran\u00e7a. Nossa equipe altamente qualificada garante uma montagem precisa e uma desmontagem adequada, seguindo os mais rigorosos padr\u00f5es da ind\u00fastria. Start Up Ap\u00f3s a instala\u00e7\u00e3o, realizamos procedimentos [&hellip;]<\/p>\n","protected":false},"author":1,"featured_media":0,"parent":0,"menu_order":0,"comment_status":"closed","ping_status":"closed","template":"elementor_header_footer","meta":{"footnotes":""},"yoast_head":"<!-- This site is optimized with the Yoast SEO plugin v23.1 - https:\/\/yoast.com\/wordpress\/plugins\/seo\/ -->\n<title>Instala\u00e7\u00e3o e Reforma de M\u00e1quinas - Novo Drive7<\/title>\n<meta name=\"robots\" content=\"index, follow, max-snippet:-1, max-image-preview:large, max-video-preview:-1\" \/>\n<link rel=\"canonical\" href=\"https:\/\/drive7.com.br\/index.php\/instalacao-e-reforma-de-maquinas\/\" \/>\n<meta property=\"og:locale\" content=\"en_US\" \/>\n<meta property=\"og:type\" content=\"article\" \/>\n<meta property=\"og:title\" content=\"Instala\u00e7\u00e3o e Reforma de M\u00e1quinas - Novo Drive7\" \/>\n<meta property=\"og:description\" content=\"Instala\u00e7\u00e3o e Reforma de M\u00e1quinas Montagem e Desmontagem de M\u00e1quinas para Transporte Realizamos servi\u00e7os especializados de montagem e desmontagem de m\u00e1quinas para transporte, com foco na efici\u00eancia e seguran\u00e7a. Nossa equipe altamente qualificada garante uma montagem precisa e uma desmontagem adequada, seguindo os mais rigorosos padr\u00f5es da ind\u00fastria. Start Up Ap\u00f3s a instala\u00e7\u00e3o, realizamos procedimentos [&hellip;]\" \/>\n<meta property=\"og:url\" content=\"https:\/\/drive7.com.br\/index.php\/instalacao-e-reforma-de-maquinas\/\" \/>\n<meta property=\"og:site_name\" content=\"Novo Drive7\" \/>\n<meta property=\"article:modified_time\" content=\"2024-05-08T18:21:01+00:00\" \/>\n<meta name=\"twitter:card\" content=\"summary_large_image\" \/>\n<meta name=\"twitter:label1\" content=\"Est. reading time\" \/>\n\t<meta name=\"twitter:data1\" content=\"1 minute\" \/>\n<script type=\"application\/ld+json\" class=\"yoast-schema-graph\">{\"@context\":\"https:\/\/schema.org\",\"@graph\":[{\"@type\":\"WebPage\",\"@id\":\"https:\/\/drive7.com.br\/index.php\/instalacao-e-reforma-de-maquinas\/\",\"url\":\"https:\/\/drive7.com.br\/index.php\/instalacao-e-reforma-de-maquinas\/\",\"name\":\"Instala\u00e7\u00e3o e Reforma de M\u00e1quinas - Novo Drive7\",\"isPartOf\":{\"@id\":\"https:\/\/drive7.com.br\/#website\"},\"datePublished\":\"2024-03-22T13:48:06+00:00\",\"dateModified\":\"2024-05-08T18:21:01+00:00\",\"breadcrumb\":{\"@id\":\"https:\/\/drive7.com.br\/index.php\/instalacao-e-reforma-de-maquinas\/#breadcrumb\"},\"inLanguage\":\"en-US\",\"potentialAction\":[{\"@type\":\"ReadAction\",\"target\":[\"https:\/\/drive7.com.br\/index.php\/instalacao-e-reforma-de-maquinas\/\"]}]},{\"@type\":\"BreadcrumbList\",\"@id\":\"https:\/\/drive7.com.br\/index.php\/instalacao-e-reforma-de-maquinas\/#breadcrumb\",\"itemListElement\":[{\"@type\":\"ListItem\",\"position\":1,\"name\":\"Home\",\"item\":\"https:\/\/drive7.com.br\/\"},{\"@type\":\"ListItem\",\"position\":2,\"name\":\"Instala\u00e7\u00e3o e Reforma de M\u00e1quinas\"}]},{\"@type\":\"WebSite\",\"@id\":\"https:\/\/drive7.com.br\/#website\",\"url\":\"https:\/\/drive7.com.br\/\",\"name\":\"Novo Drive7\",\"description\":\"\",\"publisher\":{\"@id\":\"https:\/\/drive7.com.br\/#organization\"},\"potentialAction\":[{\"@type\":\"SearchAction\",\"target\":{\"@type\":\"EntryPoint\",\"urlTemplate\":\"https:\/\/drive7.com.br\/?s={search_term_string}\"},\"query-input\":\"required name=search_term_string\"}],\"inLanguage\":\"en-US\"},{\"@type\":\"Organization\",\"@id\":\"https:\/\/drive7.com.br\/#organization\",\"name\":\"Novo Drive7\",\"url\":\"https:\/\/drive7.com.br\/\",\"logo\":{\"@type\":\"ImageObject\",\"inLanguage\":\"en-US\",\"@id\":\"https:\/\/drive7.com.br\/#\/schema\/logo\/image\/\",\"url\":\"https:\/\/drive7.com.br\/wp-content\/uploads\/2024\/02\/logo-branco.png\",\"contentUrl\":\"https:\/\/drive7.com.br\/wp-content\/uploads\/2024\/02\/logo-branco.png\",\"width\":711,\"height\":202,\"caption\":\"Novo Drive7\"},\"image\":{\"@id\":\"https:\/\/drive7.com.br\/#\/schema\/logo\/image\/\"}}]}<\/script>\n<!-- \/ Yoast SEO plugin. -->","yoast_head_json":{"title":"Instala\u00e7\u00e3o e Reforma de M\u00e1quinas - Novo Drive7","robots":{"index":"index","follow":"follow","max-snippet":"max-snippet:-1","max-image-preview":"max-image-preview:large","max-video-preview":"max-video-preview:-1"},"canonical":"https:\/\/drive7.com.br\/index.php\/instalacao-e-reforma-de-maquinas\/","og_locale":"en_US","og_type":"article","og_title":"Instala\u00e7\u00e3o e Reforma de M\u00e1quinas - Novo Drive7","og_description":"Instala\u00e7\u00e3o e Reforma de M\u00e1quinas Montagem e Desmontagem de M\u00e1quinas para Transporte Realizamos servi\u00e7os especializados de montagem e desmontagem de m\u00e1quinas para transporte, com foco na efici\u00eancia e seguran\u00e7a. Nossa equipe altamente qualificada garante uma montagem precisa e uma desmontagem adequada, seguindo os mais rigorosos padr\u00f5es da ind\u00fastria. Start Up Ap\u00f3s a instala\u00e7\u00e3o, realizamos procedimentos [&hellip;]","og_url":"https:\/\/drive7.com.br\/index.php\/instalacao-e-reforma-de-maquinas\/","og_site_name":"Novo Drive7","article_modified_time":"2024-05-08T18:21:01+00:00","twitter_card":"summary_large_image","twitter_misc":{"Est. reading time":"1 minute"},"schema":{"@context":"https:\/\/schema.org","@graph":[{"@type":"WebPage","@id":"https:\/\/drive7.com.br\/index.php\/instalacao-e-reforma-de-maquinas\/","url":"https:\/\/drive7.com.br\/index.php\/instalacao-e-reforma-de-maquinas\/","name":"Instala\u00e7\u00e3o e Reforma de M\u00e1quinas - Novo Drive7","isPartOf":{"@id":"https:\/\/drive7.com.br\/#website"},"datePublished":"2024-03-22T13:48:06+00:00","dateModified":"2024-05-08T18:21:01+00:00","breadcrumb":{"@id":"https:\/\/drive7.com.br\/index.php\/instalacao-e-reforma-de-maquinas\/#breadcrumb"},"inLanguage":"en-US","potentialAction":[{"@type":"ReadAction","target":["https:\/\/drive7.com.br\/index.php\/instalacao-e-reforma-de-maquinas\/"]}]},{"@type":"BreadcrumbList","@id":"https:\/\/drive7.com.br\/index.php\/instalacao-e-reforma-de-maquinas\/#breadcrumb","itemListElement":[{"@type":"ListItem","position":1,"name":"Home","item":"https:\/\/drive7.com.br\/"},{"@type":"ListItem","position":2,"name":"Instala\u00e7\u00e3o e Reforma de M\u00e1quinas"}]},{"@type":"WebSite","@id":"https:\/\/drive7.com.br\/#website","url":"https:\/\/drive7.com.br\/","name":"Novo Drive7","description":"","publisher":{"@id":"https:\/\/drive7.com.br\/#organization"},"potentialAction":[{"@type":"SearchAction","target":{"@type":"EntryPoint","urlTemplate":"https:\/\/drive7.com.br\/?s={search_term_string}"},"query-input":"required name=search_term_string"}],"inLanguage":"en-US"},{"@type":"Organization","@id":"https:\/\/drive7.com.br\/#organization","name":"Novo Drive7","url":"https:\/\/drive7.com.br\/","logo":{"@type":"ImageObject","inLanguage":"en-US","@id":"https:\/\/drive7.com.br\/#\/schema\/logo\/image\/","url":"https:\/\/drive7.com.br\/wp-content\/uploads\/2024\/02\/logo-branco.png","contentUrl":"https:\/\/drive7.com.br\/wp-content\/uploads\/2024\/02\/logo-branco.png","width":711,"height":202,"caption":"Novo Drive7"},"image":{"@id":"https:\/\/drive7.com.br\/#\/schema\/logo\/image\/"}}]}},"_links":{"self":[{"href":"https:\/\/drive7.com.br\/index.php\/wp-json\/wp\/v2\/pages\/484"}],"collection":[{"href":"https:\/\/drive7.com.br\/index.php\/wp-json\/wp\/v2\/pages"}],"about":[{"href":"https:\/\/drive7.com.br\/index.php\/wp-json\/wp\/v2\/types\/page"}],"author":[{"embeddable":true,"href":"https:\/\/drive7.com.br\/index.php\/wp-json\/wp\/v2\/users\/1"}],"replies":[{"embeddable":true,"href":"https:\/\/drive7.com.br\/index.php\/wp-json\/wp\/v2\/comments?post=484"}],"version-history":[{"count":7,"href":"https:\/\/drive7.com.br\/index.php\/wp-json\/wp\/v2\/pages\/484\/revisions"}],"predecessor-version":[{"id":555,"href":"https:\/\/drive7.com.br\/index.php\/wp-json\/wp\/v2\/pages\/484\/revisions\/555"}],"wp:attachment":[{"href":"https:\/\/drive7.com.br\/index.php\/wp-json\/wp\/v2\/media?parent=484"}],"curies":[{"name":"wp","href":"https:\/\/api.w.org\/{rel}","templated":true}]}}