{"id":490,"date":"2024-03-22T10:56:56","date_gmt":"2024-03-22T13:56:56","guid":{"rendered":"https:\/\/sitehomolog.com.br\/novodrive7\/?page_id=490"},"modified":"2024-05-08T15:14:00","modified_gmt":"2024-05-08T18:14:00","slug":"automacao-e-eletrica","status":"publish","type":"page","link":"https:\/\/drive7.com.br\/index.php\/automacao-e-eletrica\/","title":{"rendered":"Automa\u00e7\u00e3o e El\u00e9trica"},"content":{"rendered":"\t\t<div data-elementor-type=\"wp-page\" data-elementor-id=\"490\" class=\"elementor elementor-490\" data-elementor-post-type=\"page\">\n\t\t\t\t<div class=\"elementor-element elementor-element-25c7ddb e-flex e-con-boxed e-con e-parent\" data-id=\"25c7ddb\" data-element_type=\"container\" data-settings=\"{&quot;background_background&quot;:&quot;classic&quot;}\">\n\t\t\t\t\t<div class=\"e-con-inner\">\n\t\t\t\t<div class=\"elementor-element elementor-element-27fd674 elementor-widget elementor-widget-heading\" data-id=\"27fd674\" data-element_type=\"widget\" data-widget_type=\"heading.default\">\n\t\t\t\t<div class=\"elementor-widget-container\">\n\t\t\t<style>\/*! elementor - v3.21.0 - 08-05-2024 *\/\n.elementor-heading-title{padding:0;margin:0;line-height:1}.elementor-widget-heading .elementor-heading-title[class*=elementor-size-]>a{color:inherit;font-size:inherit;line-height:inherit}.elementor-widget-heading .elementor-heading-title.elementor-size-small{font-size:15px}.elementor-widget-heading .elementor-heading-title.elementor-size-medium{font-size:19px}.elementor-widget-heading .elementor-heading-title.elementor-size-large{font-size:29px}.elementor-widget-heading .elementor-heading-title.elementor-size-xl{font-size:39px}.elementor-widget-heading .elementor-heading-title.elementor-size-xxl{font-size:59px}<\/style><h1 class=\"elementor-heading-title elementor-size-default\">Automa\u00e7\u00e3o e El\u00e9trica<\/h1>\t\t<\/div>\n\t\t\t\t<\/div>\n\t\t\t\t\t<\/div>\n\t\t\t\t<\/div>\n\t\t<div class=\"elementor-element elementor-element-12d3d48 e-flex e-con-boxed e-con e-parent\" data-id=\"12d3d48\" data-element_type=\"container\" data-settings=\"{&quot;background_background&quot;:&quot;classic&quot;}\">\n\t\t\t\t\t<div class=\"e-con-inner\">\n\t\t\t\t<div class=\"elementor-element elementor-element-3eb5560 elementor-widget elementor-widget-heading\" data-id=\"3eb5560\" data-element_type=\"widget\" data-widget_type=\"heading.default\">\n\t\t\t\t<div class=\"elementor-widget-container\">\n\t\t\t<h3 class=\"elementor-heading-title elementor-size-default\">Servi\u00e7os de Engenharia e Automa\u00e7\u00e3o de Equipamentos<\/h3>\t\t<\/div>\n\t\t\t\t<\/div>\n\t\t\t\t<div class=\"elementor-element elementor-element-29a6a56 elementor-widget elementor-widget-text-editor\" data-id=\"29a6a56\" data-element_type=\"widget\" data-widget_type=\"text-editor.default\">\n\t\t\t\t<div class=\"elementor-widget-container\">\n\t\t\t<style>\/*! elementor - v3.21.0 - 08-05-2024 *\/\n.elementor-widget-text-editor.elementor-drop-cap-view-stacked .elementor-drop-cap{background-color:#69727d;color:#fff}.elementor-widget-text-editor.elementor-drop-cap-view-framed .elementor-drop-cap{color:#69727d;border:3px solid;background-color:transparent}.elementor-widget-text-editor:not(.elementor-drop-cap-view-default) .elementor-drop-cap{margin-top:8px}.elementor-widget-text-editor:not(.elementor-drop-cap-view-default) .elementor-drop-cap-letter{width:1em;height:1em}.elementor-widget-text-editor .elementor-drop-cap{float:left;text-align:center;line-height:1;font-size:50px}.elementor-widget-text-editor .elementor-drop-cap-letter{display:inline-block}<\/style>\t\t\t\t<p><span style=\"font-weight: 400;\">A Drive7 oferece uma ampla gama de servi\u00e7os especializados em engenharia e automa\u00e7\u00e3o de equipamentos, projetados para atender \u00e0s necessidades espec\u00edficas de nossos clientes. Com uma equipe experiente e altamente qualificada, estamos comprometidos em fornecer solu\u00e7\u00f5es personalizadas e inovadoras que impulsionam a efici\u00eancia e a produtividade.\u00a0\u00a0\u00a0<\/span><\/p>\t\t\t\t\t\t<\/div>\n\t\t\t\t<\/div>\n\t\t\t\t<div class=\"elementor-element elementor-element-44824ba elementor-widget elementor-widget-heading\" data-id=\"44824ba\" data-element_type=\"widget\" data-widget_type=\"heading.default\">\n\t\t\t\t<div class=\"elementor-widget-container\">\n\t\t\t<h3 class=\"elementor-heading-title elementor-size-default\">Dimensionamento El\u00e9trico<\/h3>\t\t<\/div>\n\t\t\t\t<\/div>\n\t\t\t\t<div class=\"elementor-element elementor-element-3175964 elementor-widget elementor-widget-text-editor\" data-id=\"3175964\" data-element_type=\"widget\" data-widget_type=\"text-editor.default\">\n\t\t\t\t<div class=\"elementor-widget-container\">\n\t\t\t\t\t\t\t<p><span style=\"font-weight: 400;\">O dimensionamento el\u00e9trico \u00e9 uma etapa cr\u00edtica no processo de engenharia el\u00e9trica, onde calculamos com precis\u00e3o as demandas de energia e pot\u00eancia do sistema para garantir seu funcionamento seguro e eficiente. Utilizando software especializado e conhecimento t\u00e9cnico avan\u00e7ado, <\/span><span style=\"font-weight: 400;\">nossos engenheiros<\/span><span style=\"font-weight: 400;\"> realiz<\/span><span style=\"font-weight: 400;\">am<\/span><span style=\"font-weight: 400;\"> c\u00e1lculos detalhados para determinar a capacidade necess\u00e1ria dos componentes el\u00e9tricos, como cabos, disjuntores, transformadores e outros dispositivos de prote\u00e7\u00e3o. Al\u00e9m disso, levamos em considera\u00e7\u00e3o fatores como carga m\u00e1xima, varia\u00e7\u00f5es de tens\u00e3o, fatores de seguran\u00e7a e condi\u00e7\u00f5es ambientais para garantir um dimensionamento adequado do sistema el\u00e9trico. Isso assegura que o sistema seja capaz de suportar as demandas de carga previstas e operar de forma confi\u00e1vel em todas as condi\u00e7\u00f5es.<\/span><\/p>\t\t\t\t\t\t<\/div>\n\t\t\t\t<\/div>\n\t\t\t\t\t<\/div>\n\t\t\t\t<\/div>\n\t\t\t\t<\/div>\n\t\t","protected":false},"excerpt":{"rendered":"<p>Automa\u00e7\u00e3o e El\u00e9trica Servi\u00e7os de Engenharia e Automa\u00e7\u00e3o de Equipamentos A Drive7 oferece uma ampla gama de servi\u00e7os especializados em engenharia e automa\u00e7\u00e3o de equipamentos, projetados para atender \u00e0s necessidades espec\u00edficas de nossos clientes. Com uma equipe experiente e altamente qualificada, estamos comprometidos em fornecer solu\u00e7\u00f5es personalizadas e inovadoras que impulsionam a efici\u00eancia e a [&hellip;]<\/p>\n","protected":false},"author":1,"featured_media":0,"parent":0,"menu_order":0,"comment_status":"closed","ping_status":"closed","template":"elementor_header_footer","meta":{"footnotes":""},"yoast_head":"<!-- This site is optimized with the Yoast SEO plugin v23.1 - https:\/\/yoast.com\/wordpress\/plugins\/seo\/ -->\n<title>Automa\u00e7\u00e3o e El\u00e9trica - Novo Drive7<\/title>\n<meta name=\"robots\" content=\"index, follow, max-snippet:-1, max-image-preview:large, max-video-preview:-1\" \/>\n<link rel=\"canonical\" href=\"https:\/\/drive7.com.br\/index.php\/automacao-e-eletrica\/\" \/>\n<meta property=\"og:locale\" content=\"en_US\" \/>\n<meta property=\"og:type\" content=\"article\" \/>\n<meta property=\"og:title\" content=\"Automa\u00e7\u00e3o e El\u00e9trica - Novo Drive7\" \/>\n<meta property=\"og:description\" content=\"Automa\u00e7\u00e3o e El\u00e9trica Servi\u00e7os de Engenharia e Automa\u00e7\u00e3o de Equipamentos A Drive7 oferece uma ampla gama de servi\u00e7os especializados em engenharia e automa\u00e7\u00e3o de equipamentos, projetados para atender \u00e0s necessidades espec\u00edficas de nossos clientes. Com uma equipe experiente e altamente qualificada, estamos comprometidos em fornecer solu\u00e7\u00f5es personalizadas e inovadoras que impulsionam a efici\u00eancia e a [&hellip;]\" \/>\n<meta property=\"og:url\" content=\"https:\/\/drive7.com.br\/index.php\/automacao-e-eletrica\/\" \/>\n<meta property=\"og:site_name\" content=\"Novo Drive7\" \/>\n<meta property=\"article:modified_time\" content=\"2024-05-08T18:14:00+00:00\" \/>\n<meta name=\"twitter:card\" content=\"summary_large_image\" \/>\n<meta name=\"twitter:label1\" content=\"Est. reading time\" \/>\n\t<meta name=\"twitter:data1\" content=\"1 minute\" \/>\n<script type=\"application\/ld+json\" class=\"yoast-schema-graph\">{\"@context\":\"https:\/\/schema.org\",\"@graph\":[{\"@type\":\"WebPage\",\"@id\":\"https:\/\/drive7.com.br\/index.php\/automacao-e-eletrica\/\",\"url\":\"https:\/\/drive7.com.br\/index.php\/automacao-e-eletrica\/\",\"name\":\"Automa\u00e7\u00e3o e El\u00e9trica - Novo Drive7\",\"isPartOf\":{\"@id\":\"https:\/\/drive7.com.br\/#website\"},\"datePublished\":\"2024-03-22T13:56:56+00:00\",\"dateModified\":\"2024-05-08T18:14:00+00:00\",\"breadcrumb\":{\"@id\":\"https:\/\/drive7.com.br\/index.php\/automacao-e-eletrica\/#breadcrumb\"},\"inLanguage\":\"en-US\",\"potentialAction\":[{\"@type\":\"ReadAction\",\"target\":[\"https:\/\/drive7.com.br\/index.php\/automacao-e-eletrica\/\"]}]},{\"@type\":\"BreadcrumbList\",\"@id\":\"https:\/\/drive7.com.br\/index.php\/automacao-e-eletrica\/#breadcrumb\",\"itemListElement\":[{\"@type\":\"ListItem\",\"position\":1,\"name\":\"Home\",\"item\":\"https:\/\/drive7.com.br\/\"},{\"@type\":\"ListItem\",\"position\":2,\"name\":\"Automa\u00e7\u00e3o e El\u00e9trica\"}]},{\"@type\":\"WebSite\",\"@id\":\"https:\/\/drive7.com.br\/#website\",\"url\":\"https:\/\/drive7.com.br\/\",\"name\":\"Novo Drive7\",\"description\":\"\",\"publisher\":{\"@id\":\"https:\/\/drive7.com.br\/#organization\"},\"potentialAction\":[{\"@type\":\"SearchAction\",\"target\":{\"@type\":\"EntryPoint\",\"urlTemplate\":\"https:\/\/drive7.com.br\/?s={search_term_string}\"},\"query-input\":\"required name=search_term_string\"}],\"inLanguage\":\"en-US\"},{\"@type\":\"Organization\",\"@id\":\"https:\/\/drive7.com.br\/#organization\",\"name\":\"Novo Drive7\",\"url\":\"https:\/\/drive7.com.br\/\",\"logo\":{\"@type\":\"ImageObject\",\"inLanguage\":\"en-US\",\"@id\":\"https:\/\/drive7.com.br\/#\/schema\/logo\/image\/\",\"url\":\"https:\/\/drive7.com.br\/wp-content\/uploads\/2024\/02\/logo-branco.png\",\"contentUrl\":\"https:\/\/drive7.com.br\/wp-content\/uploads\/2024\/02\/logo-branco.png\",\"width\":711,\"height\":202,\"caption\":\"Novo Drive7\"},\"image\":{\"@id\":\"https:\/\/drive7.com.br\/#\/schema\/logo\/image\/\"}}]}<\/script>\n<!-- \/ Yoast SEO plugin. -->","yoast_head_json":{"title":"Automa\u00e7\u00e3o e El\u00e9trica - Novo Drive7","robots":{"index":"index","follow":"follow","max-snippet":"max-snippet:-1","max-image-preview":"max-image-preview:large","max-video-preview":"max-video-preview:-1"},"canonical":"https:\/\/drive7.com.br\/index.php\/automacao-e-eletrica\/","og_locale":"en_US","og_type":"article","og_title":"Automa\u00e7\u00e3o e El\u00e9trica - Novo Drive7","og_description":"Automa\u00e7\u00e3o e El\u00e9trica Servi\u00e7os de Engenharia e Automa\u00e7\u00e3o de Equipamentos A Drive7 oferece uma ampla gama de servi\u00e7os especializados em engenharia e automa\u00e7\u00e3o de equipamentos, projetados para atender \u00e0s necessidades espec\u00edficas de nossos clientes. Com uma equipe experiente e altamente qualificada, estamos comprometidos em fornecer solu\u00e7\u00f5es personalizadas e inovadoras que impulsionam a efici\u00eancia e a [&hellip;]","og_url":"https:\/\/drive7.com.br\/index.php\/automacao-e-eletrica\/","og_site_name":"Novo Drive7","article_modified_time":"2024-05-08T18:14:00+00:00","twitter_card":"summary_large_image","twitter_misc":{"Est. reading time":"1 minute"},"schema":{"@context":"https:\/\/schema.org","@graph":[{"@type":"WebPage","@id":"https:\/\/drive7.com.br\/index.php\/automacao-e-eletrica\/","url":"https:\/\/drive7.com.br\/index.php\/automacao-e-eletrica\/","name":"Automa\u00e7\u00e3o e El\u00e9trica - Novo Drive7","isPartOf":{"@id":"https:\/\/drive7.com.br\/#website"},"datePublished":"2024-03-22T13:56:56+00:00","dateModified":"2024-05-08T18:14:00+00:00","breadcrumb":{"@id":"https:\/\/drive7.com.br\/index.php\/automacao-e-eletrica\/#breadcrumb"},"inLanguage":"en-US","potentialAction":[{"@type":"ReadAction","target":["https:\/\/drive7.com.br\/index.php\/automacao-e-eletrica\/"]}]},{"@type":"BreadcrumbList","@id":"https:\/\/drive7.com.br\/index.php\/automacao-e-eletrica\/#breadcrumb","itemListElement":[{"@type":"ListItem","position":1,"name":"Home","item":"https:\/\/drive7.com.br\/"},{"@type":"ListItem","position":2,"name":"Automa\u00e7\u00e3o e El\u00e9trica"}]},{"@type":"WebSite","@id":"https:\/\/drive7.com.br\/#website","url":"https:\/\/drive7.com.br\/","name":"Novo Drive7","description":"","publisher":{"@id":"https:\/\/drive7.com.br\/#organization"},"potentialAction":[{"@type":"SearchAction","target":{"@type":"EntryPoint","urlTemplate":"https:\/\/drive7.com.br\/?s={search_term_string}"},"query-input":"required name=search_term_string"}],"inLanguage":"en-US"},{"@type":"Organization","@id":"https:\/\/drive7.com.br\/#organization","name":"Novo Drive7","url":"https:\/\/drive7.com.br\/","logo":{"@type":"ImageObject","inLanguage":"en-US","@id":"https:\/\/drive7.com.br\/#\/schema\/logo\/image\/","url":"https:\/\/drive7.com.br\/wp-content\/uploads\/2024\/02\/logo-branco.png","contentUrl":"https:\/\/drive7.com.br\/wp-content\/uploads\/2024\/02\/logo-branco.png","width":711,"height":202,"caption":"Novo Drive7"},"image":{"@id":"https:\/\/drive7.com.br\/#\/schema\/logo\/image\/"}}]}},"_links":{"self":[{"href":"https:\/\/drive7.com.br\/index.php\/wp-json\/wp\/v2\/pages\/490"}],"collection":[{"href":"https:\/\/drive7.com.br\/index.php\/wp-json\/wp\/v2\/pages"}],"about":[{"href":"https:\/\/drive7.com.br\/index.php\/wp-json\/wp\/v2\/types\/page"}],"author":[{"embeddable":true,"href":"https:\/\/drive7.com.br\/index.php\/wp-json\/wp\/v2\/users\/1"}],"replies":[{"embeddable":true,"href":"https:\/\/drive7.com.br\/index.php\/wp-json\/wp\/v2\/comments?post=490"}],"version-history":[{"count":7,"href":"https:\/\/drive7.com.br\/index.php\/wp-json\/wp\/v2\/pages\/490\/revisions"}],"predecessor-version":[{"id":546,"href":"https:\/\/drive7.com.br\/index.php\/wp-json\/wp\/v2\/pages\/490\/revisions\/546"}],"wp:attachment":[{"href":"https:\/\/drive7.com.br\/index.php\/wp-json\/wp\/v2\/media?parent=490"}],"curies":[{"name":"wp","href":"https:\/\/api.w.org\/{rel}","templated":true}]}}