{"id":71,"date":"2024-02-19T17:34:56","date_gmt":"2024-02-19T20:34:56","guid":{"rendered":"https:\/\/sitehomolog.com.br\/novodrive7\/?page_id=71"},"modified":"2024-10-30T16:54:38","modified_gmt":"2024-10-30T19:54:38","slug":"nossos-servicos","status":"publish","type":"page","link":"https:\/\/drive7.com.br\/index.php\/nossos-servicos\/","title":{"rendered":"Nossos Servi\u00e7os"},"content":{"rendered":"\t\t<div data-elementor-type=\"wp-page\" data-elementor-id=\"71\" class=\"elementor elementor-71\" data-elementor-post-type=\"page\">\n\t\t\t\t<div class=\"elementor-element elementor-element-25c7ddb e-flex e-con-boxed e-con e-parent\" data-id=\"25c7ddb\" data-element_type=\"container\" data-settings=\"{&quot;background_background&quot;:&quot;classic&quot;}\">\n\t\t\t\t\t<div class=\"e-con-inner\">\n\t\t\t\t<div class=\"elementor-element elementor-element-27fd674 elementor-widget elementor-widget-heading\" data-id=\"27fd674\" data-element_type=\"widget\" data-widget_type=\"heading.default\">\n\t\t\t\t<div class=\"elementor-widget-container\">\n\t\t\t<style>\/*! elementor - v3.21.0 - 08-05-2024 *\/\n.elementor-heading-title{padding:0;margin:0;line-height:1}.elementor-widget-heading .elementor-heading-title[class*=elementor-size-]>a{color:inherit;font-size:inherit;line-height:inherit}.elementor-widget-heading .elementor-heading-title.elementor-size-small{font-size:15px}.elementor-widget-heading .elementor-heading-title.elementor-size-medium{font-size:19px}.elementor-widget-heading .elementor-heading-title.elementor-size-large{font-size:29px}.elementor-widget-heading .elementor-heading-title.elementor-size-xl{font-size:39px}.elementor-widget-heading .elementor-heading-title.elementor-size-xxl{font-size:59px}<\/style><h1 class=\"elementor-heading-title elementor-size-default\">Nossos Servi\u00e7os<\/h1>\t\t<\/div>\n\t\t\t\t<\/div>\n\t\t\t\t\t<\/div>\n\t\t\t\t<\/div>\n\t\t<div class=\"elementor-element elementor-element-e4f4845 e-flex e-con-boxed e-con e-parent\" data-id=\"e4f4845\" data-element_type=\"container\" data-settings=\"{&quot;background_background&quot;:&quot;classic&quot;}\">\n\t\t\t\t\t<div class=\"e-con-inner\">\n\t\t\t\t<div class=\"elementor-element elementor-element-d13d5d1 elementor-widget elementor-widget-text-editor\" data-id=\"d13d5d1\" data-element_type=\"widget\" data-widget_type=\"text-editor.default\">\n\t\t\t\t<div class=\"elementor-widget-container\">\n\t\t\t<style>\/*! elementor - v3.21.0 - 08-05-2024 *\/\n.elementor-widget-text-editor.elementor-drop-cap-view-stacked .elementor-drop-cap{background-color:#69727d;color:#fff}.elementor-widget-text-editor.elementor-drop-cap-view-framed .elementor-drop-cap{color:#69727d;border:3px solid;background-color:transparent}.elementor-widget-text-editor:not(.elementor-drop-cap-view-default) .elementor-drop-cap{margin-top:8px}.elementor-widget-text-editor:not(.elementor-drop-cap-view-default) .elementor-drop-cap-letter{width:1em;height:1em}.elementor-widget-text-editor .elementor-drop-cap{float:left;text-align:center;line-height:1;font-size:50px}.elementor-widget-text-editor .elementor-drop-cap-letter{display:inline-block}<\/style>\t\t\t\t<p>A Drive7 est\u00e1 empenhada em oferecer solu\u00e7\u00f5es de alta qualidade e personalizadas para atender \u00e0s variadas necessidades dos nossos clientes. Com uma ampla gama de produtos e servi\u00e7os especializados, estamos preparados para atender \u00e0s demandas da ind\u00fastria com excel\u00eancia e inova\u00e7\u00e3o.<\/p><p>Oferecemos desde a fabrica\u00e7\u00e3o de pain\u00e9is el\u00e9tricos de automa\u00e7\u00e3o sob medida at\u00e9 o desenvolvimento de programas personalizados para otimizar os resultados dos seus equipamentos. Cada produto e servi\u00e7o \u00e9 projetado e executado com o mais alto padr\u00e3o de qualidade, garantindo efici\u00eancia, confiabilidade e seguran\u00e7a em todas as etapas.<\/p><p>Nosso compromisso vai al\u00e9m de simplesmente fornecer produtos e servi\u00e7os. Estamos aqui para entender as suas necessidades espec\u00edficas e fornecer solu\u00e7\u00f5es que impulsionam o sucesso do seu neg\u00f3cio. Com uma equipe de profissionais altamente qualificados e uma abordagem centrada no cliente, estamos prontos para ajud\u00e1-lo a alcan\u00e7ar os seus objetivos e superar as suas expectativas.<\/p>\t\t\t\t\t\t<\/div>\n\t\t\t\t<\/div>\n\t\t\t\t\t<\/div>\n\t\t\t\t<\/div>\n\t\t<div class=\"elementor-element elementor-element-12d3d48 e-con-full e-flex e-con e-parent\" data-id=\"12d3d48\" data-element_type=\"container\" data-settings=\"{&quot;background_background&quot;:&quot;classic&quot;}\">\n\t\t<div class=\"elementor-element elementor-element-58a773b e-flex e-con-boxed e-con e-child\" data-id=\"58a773b\" data-element_type=\"container\">\n\t\t\t\t\t<div class=\"e-con-inner\">\n\t\t<div class=\"elementor-element elementor-element-5331393 e-flex e-con-boxed e-con e-child\" data-id=\"5331393\" data-element_type=\"container\">\n\t\t\t\t\t<div class=\"e-con-inner\">\n\t\t<div class=\"elementor-element elementor-element-ed0af7c e-flex e-con-boxed e-con e-child\" data-id=\"ed0af7c\" data-element_type=\"container\" data-settings=\"{&quot;animation&quot;:&quot;none&quot;,&quot;background_background&quot;:&quot;classic&quot;}\">\n\t\t\t\t\t<div class=\"e-con-inner\">\n\t\t\t\t<div class=\"elementor-element elementor-element-2e8ba72 elementor-widget elementor-widget-text-editor\" data-id=\"2e8ba72\" data-element_type=\"widget\" data-widget_type=\"text-editor.default\">\n\t\t\t\t<div class=\"elementor-widget-container\">\n\t\t\t\t\t\t\t<p><img fetchpriority=\"high\" decoding=\"async\" class=\"wp-image-223 size-medium aligncenter\" src=\"https:\/\/sitehomolog.com.br\/novodrive7\/wp-content\/uploads\/2024\/02\/cropped-view-of-electrician-using-insulating-tape-2023-11-27-04-54-03-utc-300x200.jpg\" alt=\"\" width=\"300\" height=\"200\" srcset=\"https:\/\/drive7.com.br\/wp-content\/uploads\/2024\/02\/cropped-view-of-electrician-using-insulating-tape-2023-11-27-04-54-03-utc-300x200.jpg 300w, https:\/\/drive7.com.br\/wp-content\/uploads\/2024\/02\/cropped-view-of-electrician-using-insulating-tape-2023-11-27-04-54-03-utc-1024x683.jpg 1024w, https:\/\/drive7.com.br\/wp-content\/uploads\/2024\/02\/cropped-view-of-electrician-using-insulating-tape-2023-11-27-04-54-03-utc-768x513.jpg 768w, https:\/\/drive7.com.br\/wp-content\/uploads\/2024\/02\/cropped-view-of-electrician-using-insulating-tape-2023-11-27-04-54-03-utc-1536x1025.jpg 1536w, https:\/\/drive7.com.br\/wp-content\/uploads\/2024\/02\/cropped-view-of-electrician-using-insulating-tape-2023-11-27-04-54-03-utc-2048x1367.jpg 2048w\" sizes=\"(max-width: 300px) 100vw, 300px\" \/><\/p><h3>Automa\u00e7\u00e3o e El\u00e9trica<\/h3><p>Projeto, adequa\u00e7\u00e3o de seguran\u00e7a, engenharia de software e servi\u00e7os em campo.<\/p>\t\t\t\t\t\t<\/div>\n\t\t\t\t<\/div>\n\t\t\t\t<div class=\"elementor-element elementor-element-f937427 elementor-widget elementor-widget-button\" data-id=\"f937427\" data-element_type=\"widget\" data-widget_type=\"button.default\">\n\t\t\t\t<div class=\"elementor-widget-container\">\n\t\t\t\t\t<div class=\"elementor-button-wrapper\">\n\t\t\t<a class=\"elementor-button elementor-button-link elementor-size-sm\" href=\"https:\/\/drive7.com.br\/index.php\/automacao-e-eletrica\/\">\n\t\t\t\t\t\t<span class=\"elementor-button-content-wrapper\">\n\t\t\t\t\t\t<span class=\"elementor-button-icon elementor-align-icon-right\">\n\t\t\t\t<svg aria-hidden=\"true\" class=\"e-font-icon-svg e-fas-arrow-right\" viewBox=\"0 0 448 512\" xmlns=\"http:\/\/www.w3.org\/2000\/svg\"><path d=\"M190.5 66.9l22.2-22.2c9.4-9.4 24.6-9.4 33.9 0L441 239c9.4 9.4 9.4 24.6 0 33.9L246.6 467.3c-9.4 9.4-24.6 9.4-33.9 0l-22.2-22.2c-9.5-9.5-9.3-25 .4-34.3L311.4 296H24c-13.3 0-24-10.7-24-24v-32c0-13.3 10.7-24 24-24h287.4L190.9 101.2c-9.8-9.3-10-24.8-.4-34.3z\"><\/path><\/svg>\t\t\t<\/span>\n\t\t\t\t\t\t\t\t\t<span class=\"elementor-button-text\">Saiba mais<\/span>\n\t\t\t\t\t<\/span>\n\t\t\t\t\t<\/a>\n\t\t<\/div>\n\t\t\t\t<\/div>\n\t\t\t\t<\/div>\n\t\t\t\t\t<\/div>\n\t\t\t\t<\/div>\n\t\t\t\t\t<\/div>\n\t\t\t\t<\/div>\n\t\t<div class=\"elementor-element elementor-element-fcd80e5 e-flex e-con-boxed e-con e-child\" data-id=\"fcd80e5\" data-element_type=\"container\">\n\t\t\t\t\t<div class=\"e-con-inner\">\n\t\t<div class=\"elementor-element elementor-element-2bebc65 e-flex e-con-boxed e-con e-child\" data-id=\"2bebc65\" data-element_type=\"container\" data-settings=\"{&quot;animation&quot;:&quot;none&quot;,&quot;background_background&quot;:&quot;classic&quot;}\">\n\t\t\t\t\t<div class=\"e-con-inner\">\n\t\t\t\t<div class=\"elementor-element elementor-element-699a757 elementor-widget elementor-widget-text-editor\" data-id=\"699a757\" data-element_type=\"widget\" data-widget_type=\"text-editor.default\">\n\t\t\t\t<div class=\"elementor-widget-container\">\n\t\t\t\t\t\t\t<p><img decoding=\"async\" class=\"wp-image-220 size-medium aligncenter\" src=\"https:\/\/sitehomolog.com.br\/novodrive7\/wp-content\/uploads\/2024\/02\/mechanic-repairing-the-machine-in-factory-2023-11-27-05-28-00-utc-300x200.jpg\" alt=\"\" width=\"300\" height=\"200\" srcset=\"https:\/\/drive7.com.br\/wp-content\/uploads\/2024\/02\/mechanic-repairing-the-machine-in-factory-2023-11-27-05-28-00-utc-300x200.jpg 300w, https:\/\/drive7.com.br\/wp-content\/uploads\/2024\/02\/mechanic-repairing-the-machine-in-factory-2023-11-27-05-28-00-utc-1024x683.jpg 1024w, https:\/\/drive7.com.br\/wp-content\/uploads\/2024\/02\/mechanic-repairing-the-machine-in-factory-2023-11-27-05-28-00-utc-768x513.jpg 768w, https:\/\/drive7.com.br\/wp-content\/uploads\/2024\/02\/mechanic-repairing-the-machine-in-factory-2023-11-27-05-28-00-utc-1536x1025.jpg 1536w, https:\/\/drive7.com.br\/wp-content\/uploads\/2024\/02\/mechanic-repairing-the-machine-in-factory-2023-11-27-05-28-00-utc-2048x1367.jpg 2048w\" sizes=\"(max-width: 300px) 100vw, 300px\" \/><\/p><h3>Mec\u00e2nica<\/h3><p>Projeto conceitual e executivo, servi\u00e7os de montagem, instala\u00e7\u00e3o, assist\u00eancia e mais<\/p>\t\t\t\t\t\t<\/div>\n\t\t\t\t<\/div>\n\t\t\t\t<div class=\"elementor-element elementor-element-e719c80 elementor-widget elementor-widget-button\" data-id=\"e719c80\" data-element_type=\"widget\" data-widget_type=\"button.default\">\n\t\t\t\t<div class=\"elementor-widget-container\">\n\t\t\t\t\t<div class=\"elementor-button-wrapper\">\n\t\t\t<a class=\"elementor-button elementor-button-link elementor-size-sm\" href=\"https:\/\/drive7.com.br\/index.php\/manutencao-assistencia\/\">\n\t\t\t\t\t\t<span class=\"elementor-button-content-wrapper\">\n\t\t\t\t\t\t<span class=\"elementor-button-icon elementor-align-icon-right\">\n\t\t\t\t<svg aria-hidden=\"true\" class=\"e-font-icon-svg e-fas-arrow-right\" viewBox=\"0 0 448 512\" xmlns=\"http:\/\/www.w3.org\/2000\/svg\"><path d=\"M190.5 66.9l22.2-22.2c9.4-9.4 24.6-9.4 33.9 0L441 239c9.4 9.4 9.4 24.6 0 33.9L246.6 467.3c-9.4 9.4-24.6 9.4-33.9 0l-22.2-22.2c-9.5-9.5-9.3-25 .4-34.3L311.4 296H24c-13.3 0-24-10.7-24-24v-32c0-13.3 10.7-24 24-24h287.4L190.9 101.2c-9.8-9.3-10-24.8-.4-34.3z\"><\/path><\/svg>\t\t\t<\/span>\n\t\t\t\t\t\t\t\t\t<span class=\"elementor-button-text\">Saiba mais<\/span>\n\t\t\t\t\t<\/span>\n\t\t\t\t\t<\/a>\n\t\t<\/div>\n\t\t\t\t<\/div>\n\t\t\t\t<\/div>\n\t\t\t\t\t<\/div>\n\t\t\t\t<\/div>\n\t\t\t\t\t<\/div>\n\t\t\t\t<\/div>\n\t\t<div class=\"elementor-element elementor-element-a88d3b0 e-flex e-con-boxed e-con e-child\" data-id=\"a88d3b0\" data-element_type=\"container\">\n\t\t\t\t\t<div class=\"e-con-inner\">\n\t\t<div class=\"elementor-element elementor-element-7c439f2 e-flex e-con-boxed e-con e-child\" data-id=\"7c439f2\" data-element_type=\"container\" data-settings=\"{&quot;animation&quot;:&quot;none&quot;,&quot;background_background&quot;:&quot;classic&quot;}\">\n\t\t\t\t\t<div class=\"e-con-inner\">\n\t\t\t\t<div class=\"elementor-element elementor-element-06aba3a elementor-widget elementor-widget-text-editor\" data-id=\"06aba3a\" data-element_type=\"widget\" data-widget_type=\"text-editor.default\">\n\t\t\t\t<div class=\"elementor-widget-container\">\n\t\t\t\t\t\t\t<p><img decoding=\"async\" class=\"wp-image-221 size-medium aligncenter\" src=\"https:\/\/sitehomolog.com.br\/novodrive7\/wp-content\/uploads\/2024\/02\/architect-team-working-with-blueprints-for-archite-2023-11-27-05-11-44-utc-scaled-e1708457060293-300x198.jpg\" alt=\"\" width=\"300\" height=\"198\" srcset=\"https:\/\/drive7.com.br\/wp-content\/uploads\/2024\/02\/architect-team-working-with-blueprints-for-archite-2023-11-27-05-11-44-utc-scaled-e1708457060293-300x198.jpg 300w, https:\/\/drive7.com.br\/wp-content\/uploads\/2024\/02\/architect-team-working-with-blueprints-for-archite-2023-11-27-05-11-44-utc-scaled-e1708457060293-768x508.jpg 768w, https:\/\/drive7.com.br\/wp-content\/uploads\/2024\/02\/architect-team-working-with-blueprints-for-archite-2023-11-27-05-11-44-utc-scaled-e1708457060293-1024x677.jpg 1024w, https:\/\/drive7.com.br\/wp-content\/uploads\/2024\/02\/architect-team-working-with-blueprints-for-archite-2023-11-27-05-11-44-utc-scaled-e1708457060293-1536x1016.jpg 1536w, https:\/\/drive7.com.br\/wp-content\/uploads\/2024\/02\/architect-team-working-with-blueprints-for-archite-2023-11-27-05-11-44-utc-scaled-e1708457060293.jpg 1928w\" sizes=\"(max-width: 300px) 100vw, 300px\" \/><\/p><h3>F\u00e1brica de Sistemas<\/h3><p>Pain\u00e9is el\u00e9tricos e pneum\u00e1ticos, desenvolvimento de aplica\u00e7\u00f5es especiais (SAD) e mais.<\/p>\t\t\t\t\t\t<\/div>\n\t\t\t\t<\/div>\n\t\t\t\t<div class=\"elementor-element elementor-element-a94c05e elementor-widget elementor-widget-button\" data-id=\"a94c05e\" data-element_type=\"widget\" data-widget_type=\"button.default\">\n\t\t\t\t<div class=\"elementor-widget-container\">\n\t\t\t\t\t<div class=\"elementor-button-wrapper\">\n\t\t\t<a class=\"elementor-button elementor-button-link elementor-size-sm\" href=\"https:\/\/drive7.com.br\/index.php\/paineis-skids-kits\/\">\n\t\t\t\t\t\t<span class=\"elementor-button-content-wrapper\">\n\t\t\t\t\t\t<span class=\"elementor-button-icon elementor-align-icon-right\">\n\t\t\t\t<svg aria-hidden=\"true\" class=\"e-font-icon-svg e-fas-arrow-right\" viewBox=\"0 0 448 512\" xmlns=\"http:\/\/www.w3.org\/2000\/svg\"><path d=\"M190.5 66.9l22.2-22.2c9.4-9.4 24.6-9.4 33.9 0L441 239c9.4 9.4 9.4 24.6 0 33.9L246.6 467.3c-9.4 9.4-24.6 9.4-33.9 0l-22.2-22.2c-9.5-9.5-9.3-25 .4-34.3L311.4 296H24c-13.3 0-24-10.7-24-24v-32c0-13.3 10.7-24 24-24h287.4L190.9 101.2c-9.8-9.3-10-24.8-.4-34.3z\"><\/path><\/svg>\t\t\t<\/span>\n\t\t\t\t\t\t\t\t\t<span class=\"elementor-button-text\">Saiba mais<\/span>\n\t\t\t\t\t<\/span>\n\t\t\t\t\t<\/a>\n\t\t<\/div>\n\t\t\t\t<\/div>\n\t\t\t\t<\/div>\n\t\t\t\t\t<\/div>\n\t\t\t\t<\/div>\n\t\t\t\t\t<\/div>\n\t\t\t\t<\/div>\n\t\t\t\t\t<\/div>\n\t\t\t\t<\/div>\n\t\t\t\t<\/div>\n\t\t\t\t<\/div>\n\t\t","protected":false},"excerpt":{"rendered":"<p>Nossos Servi\u00e7os A Drive7 est\u00e1 empenhada em oferecer solu\u00e7\u00f5es de alta qualidade e personalizadas para atender \u00e0s variadas necessidades dos nossos clientes. Com uma ampla gama de produtos e servi\u00e7os especializados, estamos preparados para atender \u00e0s demandas da ind\u00fastria com excel\u00eancia e inova\u00e7\u00e3o. Oferecemos desde a fabrica\u00e7\u00e3o de pain\u00e9is el\u00e9tricos de automa\u00e7\u00e3o sob medida at\u00e9 [&hellip;]<\/p>\n","protected":false},"author":1,"featured_media":0,"parent":0,"menu_order":0,"comment_status":"closed","ping_status":"closed","template":"elementor_header_footer","meta":{"footnotes":""},"yoast_head":"<!-- This site is optimized with the Yoast SEO plugin v23.1 - https:\/\/yoast.com\/wordpress\/plugins\/seo\/ -->\n<title>Drive7 - Nossos Servi\u00e7os de Automa\u00e7\u00e3o e El\u00e9trica<\/title>\n<meta name=\"description\" content=\"Explore os servi\u00e7os oferecidos pela Drive7, incluindo automa\u00e7\u00e3o industrial, el\u00e9trica, manuten\u00e7\u00e3o e assist\u00eancia t\u00e9cnica.\" \/>\n<meta name=\"robots\" content=\"index, follow, max-snippet:-1, max-image-preview:large, max-video-preview:-1\" \/>\n<link rel=\"canonical\" href=\"https:\/\/drive7.com.br\/index.php\/nossos-servicos\/\" \/>\n<meta property=\"og:locale\" content=\"en_US\" \/>\n<meta property=\"og:type\" content=\"article\" \/>\n<meta property=\"og:title\" content=\"Drive7 - Nossos Servi\u00e7os de Automa\u00e7\u00e3o e El\u00e9trica\" \/>\n<meta property=\"og:description\" content=\"Explore os servi\u00e7os oferecidos pela Drive7, incluindo automa\u00e7\u00e3o industrial, el\u00e9trica, manuten\u00e7\u00e3o e assist\u00eancia t\u00e9cnica.\" \/>\n<meta property=\"og:url\" content=\"https:\/\/drive7.com.br\/index.php\/nossos-servicos\/\" \/>\n<meta property=\"og:site_name\" content=\"Novo Drive7\" \/>\n<meta property=\"article:modified_time\" content=\"2024-10-30T19:54:38+00:00\" \/>\n<meta property=\"og:image\" content=\"https:\/\/sitehomolog.com.br\/novodrive7\/wp-content\/uploads\/2024\/02\/cropped-view-of-electrician-using-insulating-tape-2023-11-27-04-54-03-utc-300x200.jpg\" \/>\n<meta name=\"twitter:card\" content=\"summary_large_image\" \/>\n<meta name=\"twitter:label1\" content=\"Est. reading time\" \/>\n\t<meta name=\"twitter:data1\" content=\"2 minutes\" \/>\n<script type=\"application\/ld+json\" class=\"yoast-schema-graph\">{\"@context\":\"https:\/\/schema.org\",\"@graph\":[{\"@type\":\"WebPage\",\"@id\":\"https:\/\/drive7.com.br\/index.php\/nossos-servicos\/\",\"url\":\"https:\/\/drive7.com.br\/index.php\/nossos-servicos\/\",\"name\":\"Drive7 - Nossos Servi\u00e7os de Automa\u00e7\u00e3o e El\u00e9trica\",\"isPartOf\":{\"@id\":\"https:\/\/drive7.com.br\/#website\"},\"primaryImageOfPage\":{\"@id\":\"https:\/\/drive7.com.br\/index.php\/nossos-servicos\/#primaryimage\"},\"image\":{\"@id\":\"https:\/\/drive7.com.br\/index.php\/nossos-servicos\/#primaryimage\"},\"thumbnailUrl\":\"https:\/\/sitehomolog.com.br\/novodrive7\/wp-content\/uploads\/2024\/02\/cropped-view-of-electrician-using-insulating-tape-2023-11-27-04-54-03-utc-300x200.jpg\",\"datePublished\":\"2024-02-19T20:34:56+00:00\",\"dateModified\":\"2024-10-30T19:54:38+00:00\",\"description\":\"Explore os servi\u00e7os oferecidos pela Drive7, incluindo automa\u00e7\u00e3o industrial, el\u00e9trica, manuten\u00e7\u00e3o e assist\u00eancia t\u00e9cnica.\",\"breadcrumb\":{\"@id\":\"https:\/\/drive7.com.br\/index.php\/nossos-servicos\/#breadcrumb\"},\"inLanguage\":\"en-US\",\"potentialAction\":[{\"@type\":\"ReadAction\",\"target\":[\"https:\/\/drive7.com.br\/index.php\/nossos-servicos\/\"]}]},{\"@type\":\"ImageObject\",\"inLanguage\":\"en-US\",\"@id\":\"https:\/\/drive7.com.br\/index.php\/nossos-servicos\/#primaryimage\",\"url\":\"https:\/\/sitehomolog.com.br\/novodrive7\/wp-content\/uploads\/2024\/02\/cropped-view-of-electrician-using-insulating-tape-2023-11-27-04-54-03-utc-300x200.jpg\",\"contentUrl\":\"https:\/\/sitehomolog.com.br\/novodrive7\/wp-content\/uploads\/2024\/02\/cropped-view-of-electrician-using-insulating-tape-2023-11-27-04-54-03-utc-300x200.jpg\"},{\"@type\":\"BreadcrumbList\",\"@id\":\"https:\/\/drive7.com.br\/index.php\/nossos-servicos\/#breadcrumb\",\"itemListElement\":[{\"@type\":\"ListItem\",\"position\":1,\"name\":\"Home\",\"item\":\"https:\/\/drive7.com.br\/\"},{\"@type\":\"ListItem\",\"position\":2,\"name\":\"Nossos Servi\u00e7os\"}]},{\"@type\":\"WebSite\",\"@id\":\"https:\/\/drive7.com.br\/#website\",\"url\":\"https:\/\/drive7.com.br\/\",\"name\":\"Novo Drive7\",\"description\":\"\",\"publisher\":{\"@id\":\"https:\/\/drive7.com.br\/#organization\"},\"potentialAction\":[{\"@type\":\"SearchAction\",\"target\":{\"@type\":\"EntryPoint\",\"urlTemplate\":\"https:\/\/drive7.com.br\/?s={search_term_string}\"},\"query-input\":\"required name=search_term_string\"}],\"inLanguage\":\"en-US\"},{\"@type\":\"Organization\",\"@id\":\"https:\/\/drive7.com.br\/#organization\",\"name\":\"Novo Drive7\",\"url\":\"https:\/\/drive7.com.br\/\",\"logo\":{\"@type\":\"ImageObject\",\"inLanguage\":\"en-US\",\"@id\":\"https:\/\/drive7.com.br\/#\/schema\/logo\/image\/\",\"url\":\"https:\/\/drive7.com.br\/wp-content\/uploads\/2024\/02\/logo-branco.png\",\"contentUrl\":\"https:\/\/drive7.com.br\/wp-content\/uploads\/2024\/02\/logo-branco.png\",\"width\":711,\"height\":202,\"caption\":\"Novo Drive7\"},\"image\":{\"@id\":\"https:\/\/drive7.com.br\/#\/schema\/logo\/image\/\"}}]}<\/script>\n<!-- \/ Yoast SEO plugin. -->","yoast_head_json":{"title":"Drive7 - Nossos Servi\u00e7os de Automa\u00e7\u00e3o e El\u00e9trica","description":"Explore os servi\u00e7os oferecidos pela Drive7, incluindo automa\u00e7\u00e3o industrial, el\u00e9trica, manuten\u00e7\u00e3o e assist\u00eancia t\u00e9cnica.","robots":{"index":"index","follow":"follow","max-snippet":"max-snippet:-1","max-image-preview":"max-image-preview:large","max-video-preview":"max-video-preview:-1"},"canonical":"https:\/\/drive7.com.br\/index.php\/nossos-servicos\/","og_locale":"en_US","og_type":"article","og_title":"Drive7 - Nossos Servi\u00e7os de Automa\u00e7\u00e3o e El\u00e9trica","og_description":"Explore os servi\u00e7os oferecidos pela Drive7, incluindo automa\u00e7\u00e3o industrial, el\u00e9trica, manuten\u00e7\u00e3o e assist\u00eancia t\u00e9cnica.","og_url":"https:\/\/drive7.com.br\/index.php\/nossos-servicos\/","og_site_name":"Novo Drive7","article_modified_time":"2024-10-30T19:54:38+00:00","og_image":[{"url":"https:\/\/sitehomolog.com.br\/novodrive7\/wp-content\/uploads\/2024\/02\/cropped-view-of-electrician-using-insulating-tape-2023-11-27-04-54-03-utc-300x200.jpg"}],"twitter_card":"summary_large_image","twitter_misc":{"Est. reading time":"2 minutes"},"schema":{"@context":"https:\/\/schema.org","@graph":[{"@type":"WebPage","@id":"https:\/\/drive7.com.br\/index.php\/nossos-servicos\/","url":"https:\/\/drive7.com.br\/index.php\/nossos-servicos\/","name":"Drive7 - Nossos Servi\u00e7os de Automa\u00e7\u00e3o e El\u00e9trica","isPartOf":{"@id":"https:\/\/drive7.com.br\/#website"},"primaryImageOfPage":{"@id":"https:\/\/drive7.com.br\/index.php\/nossos-servicos\/#primaryimage"},"image":{"@id":"https:\/\/drive7.com.br\/index.php\/nossos-servicos\/#primaryimage"},"thumbnailUrl":"https:\/\/sitehomolog.com.br\/novodrive7\/wp-content\/uploads\/2024\/02\/cropped-view-of-electrician-using-insulating-tape-2023-11-27-04-54-03-utc-300x200.jpg","datePublished":"2024-02-19T20:34:56+00:00","dateModified":"2024-10-30T19:54:38+00:00","description":"Explore os servi\u00e7os oferecidos pela Drive7, incluindo automa\u00e7\u00e3o industrial, el\u00e9trica, manuten\u00e7\u00e3o e assist\u00eancia t\u00e9cnica.","breadcrumb":{"@id":"https:\/\/drive7.com.br\/index.php\/nossos-servicos\/#breadcrumb"},"inLanguage":"en-US","potentialAction":[{"@type":"ReadAction","target":["https:\/\/drive7.com.br\/index.php\/nossos-servicos\/"]}]},{"@type":"ImageObject","inLanguage":"en-US","@id":"https:\/\/drive7.com.br\/index.php\/nossos-servicos\/#primaryimage","url":"https:\/\/sitehomolog.com.br\/novodrive7\/wp-content\/uploads\/2024\/02\/cropped-view-of-electrician-using-insulating-tape-2023-11-27-04-54-03-utc-300x200.jpg","contentUrl":"https:\/\/sitehomolog.com.br\/novodrive7\/wp-content\/uploads\/2024\/02\/cropped-view-of-electrician-using-insulating-tape-2023-11-27-04-54-03-utc-300x200.jpg"},{"@type":"BreadcrumbList","@id":"https:\/\/drive7.com.br\/index.php\/nossos-servicos\/#breadcrumb","itemListElement":[{"@type":"ListItem","position":1,"name":"Home","item":"https:\/\/drive7.com.br\/"},{"@type":"ListItem","position":2,"name":"Nossos Servi\u00e7os"}]},{"@type":"WebSite","@id":"https:\/\/drive7.com.br\/#website","url":"https:\/\/drive7.com.br\/","name":"Novo Drive7","description":"","publisher":{"@id":"https:\/\/drive7.com.br\/#organization"},"potentialAction":[{"@type":"SearchAction","target":{"@type":"EntryPoint","urlTemplate":"https:\/\/drive7.com.br\/?s={search_term_string}"},"query-input":"required name=search_term_string"}],"inLanguage":"en-US"},{"@type":"Organization","@id":"https:\/\/drive7.com.br\/#organization","name":"Novo Drive7","url":"https:\/\/drive7.com.br\/","logo":{"@type":"ImageObject","inLanguage":"en-US","@id":"https:\/\/drive7.com.br\/#\/schema\/logo\/image\/","url":"https:\/\/drive7.com.br\/wp-content\/uploads\/2024\/02\/logo-branco.png","contentUrl":"https:\/\/drive7.com.br\/wp-content\/uploads\/2024\/02\/logo-branco.png","width":711,"height":202,"caption":"Novo Drive7"},"image":{"@id":"https:\/\/drive7.com.br\/#\/schema\/logo\/image\/"}}]}},"_links":{"self":[{"href":"https:\/\/drive7.com.br\/index.php\/wp-json\/wp\/v2\/pages\/71"}],"collection":[{"href":"https:\/\/drive7.com.br\/index.php\/wp-json\/wp\/v2\/pages"}],"about":[{"href":"https:\/\/drive7.com.br\/index.php\/wp-json\/wp\/v2\/types\/page"}],"author":[{"embeddable":true,"href":"https:\/\/drive7.com.br\/index.php\/wp-json\/wp\/v2\/users\/1"}],"replies":[{"embeddable":true,"href":"https:\/\/drive7.com.br\/index.php\/wp-json\/wp\/v2\/comments?post=71"}],"version-history":[{"count":52,"href":"https:\/\/drive7.com.br\/index.php\/wp-json\/wp\/v2\/pages\/71\/revisions"}],"predecessor-version":[{"id":605,"href":"https:\/\/drive7.com.br\/index.php\/wp-json\/wp\/v2\/pages\/71\/revisions\/605"}],"wp:attachment":[{"href":"https:\/\/drive7.com.br\/index.php\/wp-json\/wp\/v2\/media?parent=71"}],"curies":[{"name":"wp","href":"https:\/\/api.w.org\/{rel}","templated":true}]}}